{"id":630,"date":"2019-10-30T13:28:45","date_gmt":"2019-10-30T13:28:45","guid":{"rendered":"https:\/\/www.scjochenstein.de\/?page_id=630"},"modified":"2025-02-11T19:40:23","modified_gmt":"2025-02-11T18:40:23","slug":"anmeldung","status":"publish","type":"page","link":"https:\/\/www.scjochenstein.de\/wp\/anmeldung\/","title":{"rendered":"Anmeldung"},"content":{"rendered":"<p>Auf dieser Seite k\u00f6nnt ihr euch f\u00fcr Veranstaltungen und Skikurse des Ski-Clubs anmelden.<br \/>\nDie Daten werden \u00fcber Google-Formular erfasst und an uns \u00fcbermittelt!<\/p>\n<p>&nbsp;<\/p>\n<h5>Skigymnastik<\/h5>\n<p><a href=\"https:\/\/docs.google.com\/forms\/d\/e\/1FAIpQLSfjtnEO237yC1aZX_KkTR3M55Pq9rJPSbOMiayTNEW5c1iRqw\/viewform?usp=pp_url\" target=\"_blank\" rel=\"noopener\">Einmalige Anmeldung Kinder-Skigymastik Saison 2024\/25<\/a><\/p>\n<p>&nbsp;<\/p>\n<h5>Skikurse<\/h5>\n\n\n<p>Die Skikurse f\u00fcr diese Saison sind\u00a0 beendet.<\/p>\n<p>&nbsp;<\/p>\n<h5>Skifahrten<\/h5>\n<p>Kinder- und Jugendfahrt mit Betreuung f\u00fcr fortgeschrittene Kinder (ab 8 Jahren) ins Skigebiet Wurzeralm<br \/>\n<b>Die Tagesfahrt ist leider ausgebucht, eine Anmeldung ist nicht mehr m\u00f6glich !!!<\/b><\/p>\n<p>Tagesfahrt Flachau, 22.02.2025<br \/>\n<b>Die Tagesfahrt ist leider ausgebucht, eine Anmeldung ist nicht mehr m\u00f6glich !!!<\/b><\/p>\n<p>Familien-Skitage Heiligenblut, 04.03 &#8211; 08.03.2025 (Anmeldung geschlossen)<\/p>\n<p>Wochenend-Skifahrt Krummholzh\u00fctte, 14.03. &#8211; 16.03.2025 (AUSGEBUCHT)<\/p>\n<p>&nbsp;<\/p>\n<h5>Vereinsmeisterschaft<\/h5>\n<p><a href=\"https:\/\/www.scjochenstein.de\/wp\/anmeldung-vereinsmeisterschaft-2025\/\">in Grainet, 16.02.2025<\/a> <strong><br \/>\n<\/strong><\/p>\n","protected":false},"excerpt":{"rendered":"<p>Auf dieser Seite k\u00f6nnt ihr euch f\u00fcr Veranstaltungen und Skikurse des Ski-Clubs anmelden. Die Daten werden \u00fcber Google-Formular erfasst und an uns \u00fcbermittelt! &nbsp; Skigymnastik Einmalige Anmeldung Kinder-Skigymastik Saison 2024\/25 &nbsp; Skikurse Die Skikurse f\u00fcr diese Saison sind\u00a0 beendet. &nbsp; Skifahrten Kinder- und Jugendfahrt mit Betreuung f\u00fcr fortgeschrittene Kinder (ab 8 Jahren) ins Skigebiet Wurzeralm Die Tagesfahrt ist leider ausgebucht,<\/p>\n","protected":false},"author":3,"featured_media":0,"parent":0,"menu_order":0,"comment_status":"closed","ping_status":"closed","template":"","meta":{"_monsterinsights_skip_tracking":false,"_monsterinsights_sitenote_active":false,"_monsterinsights_sitenote_note":"","_monsterinsights_sitenote_category":0,"footnotes":""},"class_list":["post-630","page","type-page","status-publish","hentry"],"aioseo_notices":[],"_links":{"self":[{"href":"https:\/\/www.scjochenstein.de\/wp\/wp-json\/wp\/v2\/pages\/630","targetHints":{"allow":["GET"]}}],"collection":[{"href":"https:\/\/www.scjochenstein.de\/wp\/wp-json\/wp\/v2\/pages"}],"about":[{"href":"https:\/\/www.scjochenstein.de\/wp\/wp-json\/wp\/v2\/types\/page"}],"author":[{"embeddable":true,"href":"https:\/\/www.scjochenstein.de\/wp\/wp-json\/wp\/v2\/users\/3"}],"replies":[{"embeddable":true,"href":"https:\/\/www.scjochenstein.de\/wp\/wp-json\/wp\/v2\/comments?post=630"}],"version-history":[{"count":138,"href":"https:\/\/www.scjochenstein.de\/wp\/wp-json\/wp\/v2\/pages\/630\/revisions"}],"predecessor-version":[{"id":2817,"href":"https:\/\/www.scjochenstein.de\/wp\/wp-json\/wp\/v2\/pages\/630\/revisions\/2817"}],"wp:attachment":[{"href":"https:\/\/www.scjochenstein.de\/wp\/wp-json\/wp\/v2\/media?parent=630"}],"curies":[{"name":"wp","href":"https:\/\/api.w.org\/{rel}","templated":true}]}}